{"id":1809,"date":"2023-05-06T17:57:35","date_gmt":"2023-05-06T22:57:35","guid":{"rendered":"http:\/\/tmp.colombiasostenible.gov.co\/programa\/?page_id=1809"},"modified":"2026-04-13T11:30:49","modified_gmt":"2026-04-13T16:30:49","slug":"proyecto-2019-4400044802-produccion-de-platano-en-san-pablo-bolilvar","status":"publish","type":"page","link":"https:\/\/www.colombiasostenible.gov.co\/programa\/proyecto-2019-4400044802-produccion-de-platano-en-san-pablo-bolilvar\/","title":{"rendered":"Proyecto 2019-4400044802 &#8211; Producci\u00f3n de Pl\u00e1tano en San Pablo, Bol\u00edlvar"},"content":{"rendered":"<p>[et_pb_section fb_built=&#8221;1&#8243; admin_label=&#8221;Encabezado Proyecto&#8221; _builder_version=&#8221;4.20.1&#8243; background_color=&#8221;#a6ce87&#8243; custom_padding=&#8221;||4px|||&#8221; global_colors_info=&#8221;{}&#8221;][et_pb_row admin_label=&#8221;row&#8221; _builder_version=&#8221;4.16&#8243; background_size=&#8221;initial&#8221; background_position=&#8221;top_left&#8221; background_repeat=&#8221;repeat&#8221; custom_padding=&#8221;2px||4px|||&#8221; global_colors_info=&#8221;{}&#8221;][et_pb_column type=&#8221;4_4&#8243; _builder_version=&#8221;4.16&#8243; custom_padding=&#8221;|||&#8221; global_colors_info=&#8221;{}&#8221; custom_padding__hover=&#8221;|||&#8221;][lwp_divi_breadcrumbs home_text=&#8221;Inicio&#8221; link_color=&#8221;#FFFFFF&#8221; separator_color=&#8221;#FFFFFF&#8221; current_text_color=&#8221;#FFFFFF&#8221; _builder_version=&#8221;4.20.1&#8243; _module_preset=&#8221;default&#8221; global_colors_info=&#8221;{}&#8221;][\/lwp_divi_breadcrumbs][et_pb_post_title meta=&#8221;off&#8221; featured_image=&#8221;off&#8221; _builder_version=&#8221;4.20.1&#8243; _module_preset=&#8221;default&#8221; title_font=&#8221;|700|||||||&#8221; title_text_align=&#8221;center&#8221; title_text_color=&#8221;#FFFFFF&#8221; title_font_size=&#8221;28px&#8221; global_colors_info=&#8221;{}&#8221;][\/et_pb_post_title][\/et_pb_column][\/et_pb_row][et_pb_row column_structure=&#8221;1_2,1_2&#8243; disabled_on=&#8221;off|off|off&#8221; _builder_version=&#8221;4.21.0&#8243; _module_preset=&#8221;default&#8221; global_colors_info=&#8221;{}&#8221;][et_pb_column type=&#8221;1_2&#8243; _builder_version=&#8221;4.20.1&#8243; _module_preset=&#8221;default&#8221; global_colors_info=&#8221;{}&#8221;][et_pb_image src=&#8221;https:\/\/www.colombiasostenible.gov.co\/programa\/wp-content\/uploads\/2023\/07\/11-PARTICIPACION-DE-ECAS-EN-COMPONENTE-AMBIENTAL-1.jpeg&#8221; title_text=&#8221;11 &#8211; PARTICIPACION DE ECAS EN COMPONENTE AMBIENTAL&#8221; _builder_version=&#8221;4.21.0&#8243; _module_preset=&#8221;default&#8221; global_colors_info=&#8221;{}&#8221;][\/et_pb_image][et_pb_text _builder_version=&#8221;4.20.1&#8243; _module_preset=&#8221;default&#8221; global_colors_info=&#8221;{}&#8221;]<\/p>\n<h3 style=\"text-align: center;\"><span style=\"color: #ffffff;\"><strong>Antes<\/strong><\/span><\/h3>\n<p>[\/et_pb_text][\/et_pb_column][et_pb_column type=&#8221;1_2&#8243; _builder_version=&#8221;4.20.1&#8243; _module_preset=&#8221;default&#8221; global_colors_info=&#8221;{}&#8221;][et_pb_image src=&#8221;https:\/\/www.colombiasostenible.gov.co\/programa\/wp-content\/uploads\/2023\/07\/7-FOTO-GRUPAL-FINALIZANDO-PROCESOS-DE-ESCUELA-DE-CAMPO-1.jpeg&#8221; title_text=&#8221;7 &#8211; FOTO GRUPAL FINALIZANDO PROCESOS DE ESCUELA DE CAMPO&#8221; _builder_version=&#8221;4.21.0&#8243; _module_preset=&#8221;default&#8221; global_colors_info=&#8221;{}&#8221;][\/et_pb_image][et_pb_text _builder_version=&#8221;4.20.1&#8243; _module_preset=&#8221;default&#8221; global_colors_info=&#8221;{}&#8221;]<\/p>\n<h3 style=\"text-align: center;\"><span style=\"color: #ffffff;\"><strong>Despu\u00e9s<\/strong><\/span><\/h3>\n<p>[\/et_pb_text][\/et_pb_column][\/et_pb_row][\/et_pb_section][et_pb_section fb_built=&#8221;1&#8243; _builder_version=&#8221;4.20.1&#8243; _module_preset=&#8221;default&#8221; global_colors_info=&#8221;{}&#8221;][et_pb_row column_structure=&#8221;1_2,1_2&#8243; _builder_version=&#8221;4.20.1&#8243; _module_preset=&#8221;default&#8221; global_colors_info=&#8221;{}&#8221;][et_pb_column type=&#8221;1_2&#8243; _builder_version=&#8221;4.20.1&#8243; _module_preset=&#8221;default&#8221; global_colors_info=&#8221;{}&#8221;][et_pb_blurb title=&#8221;Estado del Proyecto&#8221; image=&#8221;http:\/\/tmp.colombiasostenible.gov.co\/programa\/wp-content\/uploads\/2023\/04\/estado-proyecto.png&#8221; icon_placement=&#8221;left&#8221; image_icon_width=&#8221;45px&#8221; _builder_version=&#8221;4.21.0&#8243; _module_preset=&#8221;default&#8221; header_font=&#8221;|600|||||||&#8221; header_font_size=&#8221;18px&#8221; global_colors_info=&#8221;{}&#8221;]<\/p>\n<p>Finalizado<\/p>\n<p>[\/et_pb_blurb][et_pb_blurb title=&#8221;Entidad Ejecutora&#8221; image=&#8221;http:\/\/tmp.colombiasostenible.gov.co\/programa\/wp-content\/uploads\/2023\/04\/entidad.png&#8221; icon_placement=&#8221;left&#8221; image_icon_width=&#8221;45px&#8221; _builder_version=&#8221;4.21.0&#8243; _module_preset=&#8221;default&#8221; header_font=&#8221;|600|||||||&#8221; header_font_size=&#8221;18px&#8221; global_colors_info=&#8221;{}&#8221;]<\/p>\n<p style=\"text-align: justify;\">Uni\u00f3n Colombiana de Criadores de Ceb\u00fa lechero y sus Cruces &#8211; Ucebul\u00a0<\/p>\n<p>[\/et_pb_blurb][et_pb_blurb title=&#8221;Ubicaci\u00f3n&#8221; image=&#8221;http:\/\/tmp.colombiasostenible.gov.co\/programa\/wp-content\/uploads\/2023\/04\/colombia.png&#8221; icon_placement=&#8221;left&#8221; image_icon_width=&#8221;45px&#8221; _builder_version=&#8221;4.21.0&#8243; _module_preset=&#8221;default&#8221; header_font=&#8221;|600|||||||&#8221; header_font_size=&#8221;18px&#8221; global_colors_info=&#8221;{}&#8221;]<\/p>\n<p>San Pablo, Bol\u00edvar<br \/>PDET Sur de Bol\u00edvar<\/p>\n<p>[\/et_pb_blurb][et_pb_blurb title=&#8221;Beneficiarios&#8221; image=&#8221;http:\/\/tmp.colombiasostenible.gov.co\/programa\/wp-content\/uploads\/2023\/04\/beneficiarios.png&#8221; icon_placement=&#8221;left&#8221; image_icon_width=&#8221;45px&#8221; _builder_version=&#8221;4.20.1&#8243; _module_preset=&#8221;default&#8221; header_font=&#8221;|600|||||||&#8221; header_font_size=&#8221;18px&#8221; global_colors_info=&#8221;{}&#8221;]246 Campesinos, afrodescendientes e ind\u00edgenas de la Asociaci\u00f3n de las Canaletaleras Futuristas por la Recuperaci\u00f3n del Tejido Social y la Paz<br \/>\n<strong>Mujeres:<\/strong> 100<br \/>\n<strong>Hombres:<\/strong> 146[\/et_pb_blurb][et_pb_blurb title=&#8221;\u00c1rea de Intervenci\u00f3n&#8221; image=&#8221;http:\/\/tmp.colombiasostenible.gov.co\/programa\/wp-content\/uploads\/2023\/04\/area-intervencion.png&#8221; icon_placement=&#8221;left&#8221; image_icon_width=&#8221;45px&#8221; _builder_version=&#8221;4.20.1&#8243; _module_preset=&#8221;default&#8221; header_font=&#8221;|600|||||||&#8221; header_font_size=&#8221;18px&#8221; global_colors_info=&#8221;{}&#8221;]130,38 hect\u00e1reas[\/et_pb_blurb][et_pb_blurb title=&#8221;Contribuci\u00f3n a las reducciones de CO2&#8243; image=&#8221;http:\/\/tmp.colombiasostenible.gov.co\/programa\/wp-content\/uploads\/2023\/04\/co2.png&#8221; icon_placement=&#8221;left&#8221; image_icon_width=&#8221;45px&#8221; _builder_version=&#8221;4.20.1&#8243; _module_preset=&#8221;default&#8221; header_font=&#8221;|600|||||||&#8221; header_font_size=&#8221;18px&#8221; global_colors_info=&#8221;{}&#8221;]Reducci\u00f3n: -1,3 tCO2-e por hect\u00e1rea al a\u00f1o<br \/>\nCaptura: -20 toneladas de CO2-e[\/et_pb_blurb][et_pb_blurb title=&#8221;Producto&#8221; image=&#8221;http:\/\/tmp.colombiasostenible.gov.co\/programa\/wp-content\/uploads\/2023\/04\/producto.png&#8221; icon_placement=&#8221;left&#8221; image_icon_width=&#8221;45px&#8221; _builder_version=&#8221;4.21.0&#8243; _module_preset=&#8221;default&#8221; header_font=&#8221;|600|||||||&#8221; header_font_size=&#8221;18px&#8221; global_colors_info=&#8221;{}&#8221;]<\/p>\n<p>Pl\u00e1tano\u00a0<\/p>\n<p>[\/et_pb_blurb][et_pb_blurb title=&#8221;Empresa Comercial Vinculada&#8221; image=&#8221;http:\/\/tmp.colombiasostenible.gov.co\/programa\/wp-content\/uploads\/2023\/04\/empresa-comercial.png&#8221; icon_placement=&#8221;left&#8221; image_icon_width=&#8221;45px&#8221; _builder_version=&#8221;4.21.0&#8243; _module_preset=&#8221;default&#8221; header_font=&#8221;|600|||||||&#8221; header_font_size=&#8221;18px&#8221; global_colors_info=&#8221;{}&#8221;]<\/p>\n<p>Mart\u00edn Velandia y Centro de Abastos<\/p>\n<p>[\/et_pb_blurb][\/et_pb_column][et_pb_column type=&#8221;1_2&#8243; _builder_version=&#8221;4.20.1&#8243; _module_preset=&#8221;default&#8221; global_colors_info=&#8221;{}&#8221;][et_pb_blurb title=&#8221;Nombre y C\u00f3digo&#8221; image=&#8221;http:\/\/tmp.colombiasostenible.gov.co\/programa\/wp-content\/uploads\/2023\/04\/proyecto.png&#8221; icon_placement=&#8221;left&#8221; image_icon_width=&#8221;45px&#8221; _builder_version=&#8221;4.21.0&#8243; _module_preset=&#8221;default&#8221; header_font=&#8221;|600|||||||&#8221; header_font_size=&#8221;18px&#8221; global_colors_info=&#8221;{}&#8221;]<\/p>\n<p style=\"text-align: justify;\">Mejoramiento de la producci\u00f3n de pl\u00e1tano con peque\u00f1os productores del municipio San Pablo del departamento de Bol\u00edvar.<br \/><strong>C\u00f3digo:<\/strong> 2019-25400044802 &#8211; CTO 107-2022<\/p>\n<p>[\/et_pb_blurb][et_pb_blurb title=&#8221;Objetivo&#8221; image=&#8221;http:\/\/tmp.colombiasostenible.gov.co\/programa\/wp-content\/uploads\/2023\/04\/objetivo.png&#8221; icon_placement=&#8221;left&#8221; image_icon_width=&#8221;45px&#8221; _builder_version=&#8221;4.21.0&#8243; _module_preset=&#8221;default&#8221; header_font=&#8221;|600|||||||&#8221; header_font_size=&#8221;18px&#8221; global_colors_info=&#8221;{}&#8221;]<\/p>\n<p style=\"text-align: justify;\"><strong>Objetivo General<\/strong>: Incrementar la productividad y sostenibilidad del cultivo de pl\u00e1tano en el municipio de San Pablo, Bol\u00edvar.<\/p>\n<p style=\"text-align: justify;\"><strong>Objetivos Espec\u00edficos:<\/strong><br \/>&#8211; Implementar pr\u00e1cticas adecuadas en producci\u00f3n de pl\u00e1tano en altas densidades.<br \/>&#8211; Fortalecer una estructura asociativa funcional para la comercializaci\u00f3n conjunta.<br \/>&#8211; Establecer acciones que disminuyan la deforestaci\u00f3n \/ degradaci\u00f3n de ecosistemas.<br \/>&#8211; Lograr la integraci\u00f3n socio empresarial desde el proceso asociativo.<\/p>\n<p>[\/et_pb_blurb][et_pb_blurb title=&#8221;Inversi\u00f3n&#8221; image=&#8221;http:\/\/tmp.colombiasostenible.gov.co\/programa\/wp-content\/uploads\/2023\/04\/inversion.png&#8221; icon_placement=&#8221;left&#8221; image_icon_width=&#8221;45px&#8221; _builder_version=&#8221;4.21.0&#8243; _module_preset=&#8221;default&#8221; header_font=&#8221;|600|||||||&#8221; header_font_size=&#8221;18px&#8221; global_colors_info=&#8221;{}&#8221;]<\/p>\n<p>Aporte en alianza con el FCS: $ 2.213.977.060<br \/>Contrapartida local: $ 4.674.114.982<br \/><strong>Total Inicial: $ 6.888.092.042<\/strong><br \/>Adici\u00f3n Presupuestal por Inflaci\u00f3n: $ 225.576.330<br \/><strong>Total Final: $ 7.113.668.372<\/strong><\/p>\n<p>[\/et_pb_blurb][et_pb_blurb title=&#8221;An\u00e1lisis Financiero&#8221; image=&#8221;http:\/\/tmp.colombiasostenible.gov.co\/programa\/wp-content\/uploads\/2023\/04\/analisis-financiero.png&#8221; icon_placement=&#8221;left&#8221; image_icon_width=&#8221;45px&#8221; _builder_version=&#8221;4.20.1&#8243; _module_preset=&#8221;default&#8221; header_font=&#8221;|600|||||||&#8221; header_font_size=&#8221;18px&#8221; global_colors_info=&#8221;{}&#8221;]TIR: 16,9%<br \/>\nVPN: $ 1.793.481.320[\/et_pb_blurb][\/et_pb_column][\/et_pb_row][et_pb_row _builder_version=&#8221;4.21.0&#8243; _module_preset=&#8221;default&#8221; global_colors_info=&#8221;{}&#8221;][et_pb_column type=&#8221;4_4&#8243; _builder_version=&#8221;4.21.0&#8243; _module_preset=&#8221;default&#8221; global_colors_info=&#8221;{}&#8221;][et_pb_text _builder_version=&#8221;4.21.0&#8243; _module_preset=&#8221;default&#8221; global_colors_info=&#8221;{}&#8221;]<\/p>\n<h1 style=\"text-align: center;\"><span style=\"color: #339966;\"><strong>INVERSI\u00d3N COMPLEMENTARIA 1,2,3<\/strong><\/span><\/h1>\n<p>[\/et_pb_text][\/et_pb_column][\/et_pb_row][et_pb_row column_structure=&#8221;1_2,1_2&#8243; _builder_version=&#8221;4.20.1&#8243; _module_preset=&#8221;default&#8221; global_colors_info=&#8221;{}&#8221;][et_pb_column type=&#8221;1_2&#8243; _builder_version=&#8221;4.20.1&#8243; _module_preset=&#8221;default&#8221; global_colors_info=&#8221;{}&#8221;][et_pb_blurb title=&#8221;Estado de la Inversi\u00f3n Complementaria&#8221; image=&#8221;http:\/\/tmp.colombiasostenible.gov.co\/programa\/wp-content\/uploads\/2023\/04\/estado-proyecto.png&#8221; icon_placement=&#8221;left&#8221; image_icon_width=&#8221;45px&#8221; _builder_version=&#8221;4.21.0&#8243; _module_preset=&#8221;default&#8221; header_font=&#8221;|600|||||||&#8221; header_font_size=&#8221;18px&#8221; hover_enabled=&#8221;0&#8243; global_colors_info=&#8221;{}&#8221; sticky_enabled=&#8221;0&#8243;]<\/p>\n<p>Finalizada<\/p>\n<p>[\/et_pb_blurb][et_pb_blurb title=&#8221;Entidad Ejecutora&#8221; image=&#8221;http:\/\/tmp.colombiasostenible.gov.co\/programa\/wp-content\/uploads\/2023\/04\/entidad.png&#8221; icon_placement=&#8221;left&#8221; image_icon_width=&#8221;45px&#8221; _builder_version=&#8221;4.21.0&#8243; _module_preset=&#8221;default&#8221; header_font=&#8221;|600|||||||&#8221; header_font_size=&#8221;18px&#8221; global_colors_info=&#8221;{}&#8221;]<\/p>\n<p style=\"text-align: justify;\">Uni\u00f3n Colombiana de Criadores de Ceb\u00fa lechero y sus Cruces &#8211; Ucebul\u00a0<\/p>\n<p>[\/et_pb_blurb][et_pb_blurb title=&#8221;Ubicaci\u00f3n&#8221; image=&#8221;http:\/\/tmp.colombiasostenible.gov.co\/programa\/wp-content\/uploads\/2023\/04\/colombia.png&#8221; icon_placement=&#8221;left&#8221; image_icon_width=&#8221;45px&#8221; _builder_version=&#8221;4.21.0&#8243; _module_preset=&#8221;default&#8221; header_font=&#8221;|600|||||||&#8221; header_font_size=&#8221;18px&#8221; global_colors_info=&#8221;{}&#8221;]<\/p>\n<p>San Pablo, Bol\u00edvar<br \/>PDET Sur de Bol\u00edvar<\/p>\n<p>[\/et_pb_blurb][et_pb_blurb title=&#8221;Beneficiarios&#8221; image=&#8221;http:\/\/tmp.colombiasostenible.gov.co\/programa\/wp-content\/uploads\/2023\/04\/beneficiarios.png&#8221; icon_placement=&#8221;left&#8221; image_icon_width=&#8221;45px&#8221; _builder_version=&#8221;4.20.1&#8243; _module_preset=&#8221;default&#8221; header_font=&#8221;|600|||||||&#8221; header_font_size=&#8221;18px&#8221; global_colors_info=&#8221;{}&#8221;]246 Campesinos, afrodescendientes e ind\u00edgenas de la Asociaci\u00f3n de las Canaletaleras Futuristas por la Recuperaci\u00f3n del Tejido Social y la Paz<br \/>\n<strong>Mujeres:<\/strong> 100<br \/>\n<strong>Hombres:<\/strong> 146[\/et_pb_blurb][\/et_pb_column][et_pb_column type=&#8221;1_2&#8243; _builder_version=&#8221;4.20.1&#8243; _module_preset=&#8221;default&#8221; global_colors_info=&#8221;{}&#8221;][et_pb_blurb title=&#8221;Nombre de la Inversi\u00f3n Complementaria 1,2,3&#8243; image=&#8221;http:\/\/tmp.colombiasostenible.gov.co\/programa\/wp-content\/uploads\/2023\/04\/proyecto.png&#8221; icon_placement=&#8221;left&#8221; image_icon_width=&#8221;45px&#8221; _builder_version=&#8221;4.21.0&#8243; _module_preset=&#8221;default&#8221; header_font=&#8221;|600|||||||&#8221; header_font_size=&#8221;18px&#8221; global_colors_info=&#8221;{}&#8221;]<\/p>\n<p style=\"text-align: justify;\">Fortalecimiento de capacidades para la resiliencia al cambio clim\u00e1tico mediante la implementaci\u00f3n de modelos de econom\u00eda circular y aprovechamiento sostenible de los recursos naturales en sistemas de producci\u00f3n de pl\u00e1tano como inversi\u00f3n complementaria al mejoramiento de la producci\u00f3n de pl\u00e1tano con peque\u00f1os productores del municipio San pablo, del departamento de Bol\u00edvar.<br \/><strong>C\u00f3digo:<\/strong> 2019-25400044802 &#8211; CTO 2247-2024<\/p>\n<p>[\/et_pb_blurb][et_pb_blurb title=&#8221;Inversi\u00f3n Complementaria Solicitada&#8221; image=&#8221;http:\/\/tmp.colombiasostenible.gov.co\/programa\/wp-content\/uploads\/2023\/04\/objetivo.png&#8221; icon_placement=&#8221;left&#8221; image_icon_width=&#8221;45px&#8221; _builder_version=&#8221;4.21.0&#8243; _module_preset=&#8221;default&#8221; header_font=&#8221;|600|||||||&#8221; header_font_size=&#8221;18px&#8221; global_colors_info=&#8221;{}&#8221;]<\/p>\n<p style=\"text-align: justify;\">Biof\u00e1brica\u00a0\u00a0<\/p>\n<p>[\/et_pb_blurb][et_pb_blurb title=&#8221;Inversi\u00f3n Complementaria&#8221; image=&#8221;http:\/\/tmp.colombiasostenible.gov.co\/programa\/wp-content\/uploads\/2023\/04\/inversion.png&#8221; icon_placement=&#8221;left&#8221; image_icon_width=&#8221;45px&#8221; _builder_version=&#8221;4.21.0&#8243; _module_preset=&#8221;default&#8221; header_font=&#8221;|600|||||||&#8221; header_font_size=&#8221;18px&#8221; global_colors_info=&#8221;{}&#8221;]<\/p>\n<p>Nuestro aporte: $ 859.666.625<br \/>Contrapartida local: $ 7.232.400<br \/><strong>Total: $ 866.899.025<br \/><\/strong>\u00a0<\/p>\n<p>[\/et_pb_blurb][\/et_pb_column][\/et_pb_row][et_pb_row disabled_on=&#8221;on|on|on&#8221; _builder_version=&#8221;4.20.1&#8243; _module_preset=&#8221;default&#8221; disabled=&#8221;on&#8221; global_colors_info=&#8221;{}&#8221;][et_pb_column type=&#8221;4_4&#8243; _builder_version=&#8221;4.20.1&#8243; _module_preset=&#8221;default&#8221; global_colors_info=&#8221;{}&#8221;][et_pb_code _builder_version=&#8221;4.20.1&#8243; _module_preset=&#8221;default&#8221; width=&#8221;60%&#8221; module_alignment=&#8221;center&#8221; global_colors_info=&#8221;{}&#8221;]<iframe width=\"560\" height=\"315\" src=\"https:\/\/www.youtube.com\/embed\/0-6SENgD4WY\" title=\"YouTube video player\" frameborder=\"0\" allow=\"accelerometer; autoplay; clipboard-write; encrypted-media; gyroscope; picture-in-picture; web-share\" allowfullscreen><\/iframe>[\/et_pb_code][\/et_pb_column][\/et_pb_row][\/et_pb_section]<\/p>\n","protected":false},"excerpt":{"rendered":"<p><div class=\"et_pb_module lwp_divi_breadcrumbs lwp_divi_breadcrumbs_0\">\n\t\t\t\t\n\t\t\t\t\n\t\t\t\t\n\t\t\t\t\n\t\t\t\t\n\t\t\t\t\n\t\t\t\t<div class=\"et_pb_module_inner\">\n\t\t\t\t\t<div class=\"lwp-breadcrumbs\"> <span class=\"before\"><\/span> <span vocab=\"https:\/\/schema.org\/\" typeof=\"BreadcrumbList\"><span property=\"itemListElement\" typeof=\"ListItem\"><a property=\"item\" typeof=\"WebPage\" href=\"https:\/\/www.colombiasostenible.gov.co\/programa\/\" class=\"home\"><span property=\"name\">Inicio<\/span><\/a><meta property=\"position\" content=\"1\"><\/span> <span class=\"separator et-pb-icon\">&amp;#x39;<\/span> <\/span><\/div>\n\t\t\t\t<\/div>\n\t\t\t<\/div>AntesDespu\u00e9sFinalizadoUni\u00f3n Colombiana de Criadores de Ceb\u00fa lechero y sus Cruces &#8211; Ucebul\u00a0San Pablo, Bol\u00edvarPDET Sur de Bol\u00edvar246 Campesinos, afrodescendientes e ind\u00edgenas de la Asociaci\u00f3n de las Canaletaleras Futuristas por la Recuperaci\u00f3n del Tejido Social y la Paz Mujeres: 100 Hombres: 146130,38 hect\u00e1reasReducci\u00f3n: -1,3 tCO2-e por hect\u00e1rea al a\u00f1o [&hellip;]<\/p>\n","protected":false},"author":1,"featured_media":0,"parent":0,"menu_order":0,"comment_status":"closed","ping_status":"closed","template":"","meta":{"_et_pb_use_builder":"on","_et_pb_old_content":"<!-- wp:divi\/placeholder \/-->","_et_gb_content_width":"","footnotes":""},"class_list":["post-1809","page","type-page","status-publish","hentry"],"acf":[],"rttpg_featured_image_url":null,"rttpg_author":{"display_name":"admin","author_link":"https:\/\/www.colombiasostenible.gov.co\/programa\/author\/admincolsos-programa\/"},"rttpg_comment":0,"rttpg_category":null,"rttpg_excerpt":"[lwp_divi_breadcrumbs home_text=\"Inicio\" link_color=\"#FFFFFF\" separator_color=\"#FFFFFF\" current_text_color=\"#FFFFFF\" _builder_version=\"4.20.1\" _module_preset=\"default\" global_colors_info=\"{}\"][\/lwp_divi_breadcrumbs]AntesDespu\u00e9sFinalizadoUni\u00f3n Colombiana de Criadores de Ceb\u00fa lechero y sus Cruces - Ucebul\u00a0San Pablo, Bol\u00edvarPDET Sur de Bol\u00edvar246 Campesinos, afrodescendientes e ind\u00edgenas de la Asociaci\u00f3n de las Canaletaleras Futuristas por la Recuperaci\u00f3n del Tejido Social y la Paz Mujeres: 100 Hombres: 146130,38 hect\u00e1reasReducci\u00f3n: -1,3 tCO2-e por hect\u00e1rea al a\u00f1o&hellip;","_links":{"self":[{"href":"https:\/\/www.colombiasostenible.gov.co\/programa\/wp-json\/wp\/v2\/pages\/1809","targetHints":{"allow":["GET"]}}],"collection":[{"href":"https:\/\/www.colombiasostenible.gov.co\/programa\/wp-json\/wp\/v2\/pages"}],"about":[{"href":"https:\/\/www.colombiasostenible.gov.co\/programa\/wp-json\/wp\/v2\/types\/page"}],"author":[{"embeddable":true,"href":"https:\/\/www.colombiasostenible.gov.co\/programa\/wp-json\/wp\/v2\/users\/1"}],"replies":[{"embeddable":true,"href":"https:\/\/www.colombiasostenible.gov.co\/programa\/wp-json\/wp\/v2\/comments?post=1809"}],"version-history":[{"count":11,"href":"https:\/\/www.colombiasostenible.gov.co\/programa\/wp-json\/wp\/v2\/pages\/1809\/revisions"}],"predecessor-version":[{"id":5995,"href":"https:\/\/www.colombiasostenible.gov.co\/programa\/wp-json\/wp\/v2\/pages\/1809\/revisions\/5995"}],"wp:attachment":[{"href":"https:\/\/www.colombiasostenible.gov.co\/programa\/wp-json\/wp\/v2\/media?parent=1809"}],"curies":[{"name":"wp","href":"https:\/\/api.w.org\/{rel}","templated":true}]}}