{"id":1860,"date":"2023-05-06T18:57:37","date_gmt":"2023-05-06T23:57:37","guid":{"rendered":"http:\/\/tmp.colombiasostenible.gov.co\/programa\/?page_id=1860"},"modified":"2026-04-13T10:34:10","modified_gmt":"2026-04-13T15:34:10","slug":"proyecto-2019-2510005072-produccion-de-cacao-en-el-valle-del-guamuez-putumayo","status":"publish","type":"page","link":"https:\/\/www.colombiasostenible.gov.co\/programa\/proyecto-2019-2510005072-produccion-de-cacao-en-el-valle-del-guamuez-putumayo\/","title":{"rendered":"Proyecto 2019-2510005072 &#8211; Producci\u00f3n de cacao en el Valle del Guamuez, Putumayo"},"content":{"rendered":"<p>[et_pb_section fb_built=&#8221;1&#8243; admin_label=&#8221;Encabezado Proyecto&#8221; _builder_version=&#8221;4.20.1&#8243; background_color=&#8221;#a6ce87&#8243; custom_padding=&#8221;||4px|||&#8221; global_colors_info=&#8221;{}&#8221;][et_pb_row admin_label=&#8221;row&#8221; _builder_version=&#8221;4.16&#8243; background_size=&#8221;initial&#8221; background_position=&#8221;top_left&#8221; background_repeat=&#8221;repeat&#8221; custom_padding=&#8221;2px||4px|||&#8221; global_colors_info=&#8221;{}&#8221;][et_pb_column type=&#8221;4_4&#8243; _builder_version=&#8221;4.16&#8243; custom_padding=&#8221;|||&#8221; global_colors_info=&#8221;{}&#8221; custom_padding__hover=&#8221;|||&#8221;][lwp_divi_breadcrumbs home_text=&#8221;Inicio&#8221; link_color=&#8221;#FFFFFF&#8221; separator_color=&#8221;#FFFFFF&#8221; current_text_color=&#8221;#FFFFFF&#8221; _builder_version=&#8221;4.20.1&#8243; _module_preset=&#8221;default&#8221; global_colors_info=&#8221;{}&#8221;][\/lwp_divi_breadcrumbs][et_pb_post_title meta=&#8221;off&#8221; featured_image=&#8221;off&#8221; _builder_version=&#8221;4.20.1&#8243; _module_preset=&#8221;default&#8221; title_font=&#8221;|700|||||||&#8221; title_text_align=&#8221;center&#8221; title_text_color=&#8221;#FFFFFF&#8221; title_font_size=&#8221;28px&#8221; global_colors_info=&#8221;{}&#8221;][\/et_pb_post_title][\/et_pb_column][\/et_pb_row][et_pb_row column_structure=&#8221;1_2,1_2&#8243; disabled_on=&#8221;off|off|off&#8221; _builder_version=&#8221;4.21.0&#8243; _module_preset=&#8221;default&#8221; global_colors_info=&#8221;{}&#8221;][et_pb_column type=&#8221;1_2&#8243; _builder_version=&#8221;4.20.1&#8243; _module_preset=&#8221;default&#8221; global_colors_info=&#8221;{}&#8221;][et_pb_image src=&#8221;https:\/\/www.colombiasostenible.gov.co\/programa\/wp-content\/uploads\/2023\/05\/Antes-5072-1.jpeg&#8221; title_text=&#8221;Antes 5072&#8243; _builder_version=&#8221;4.21.0&#8243; _module_preset=&#8221;default&#8221; height=&#8221;286px&#8221; max_height=&#8221;1000px&#8221; custom_padding=&#8221;2px|||||&#8221; global_colors_info=&#8221;{}&#8221;][\/et_pb_image][et_pb_text _builder_version=&#8221;4.21.0&#8243; _module_preset=&#8221;default&#8221; global_colors_info=&#8221;{}&#8221;]<\/p>\n<h3 style=\"text-align: center;\"><span style=\"color: #ffffff;\"><strong>Antes<\/strong><\/span><\/h3>\n<p>[\/et_pb_text][\/et_pb_column][et_pb_column type=&#8221;1_2&#8243; _builder_version=&#8221;4.20.1&#8243; _module_preset=&#8221;default&#8221; global_colors_info=&#8221;{}&#8221;][et_pb_image src=&#8221;https:\/\/www.colombiasostenible.gov.co\/programa\/wp-content\/uploads\/2023\/05\/Despues-5072.jpeg&#8221; title_text=&#8221;Despu\u00e9s 5072&#8243; _builder_version=&#8221;4.21.0&#8243; _module_preset=&#8221;default&#8221; global_colors_info=&#8221;{}&#8221;][\/et_pb_image][et_pb_text _builder_version=&#8221;4.20.1&#8243; _module_preset=&#8221;default&#8221; global_colors_info=&#8221;{}&#8221;]<\/p>\n<h3 style=\"text-align: center;\"><span style=\"color: #ffffff;\"><strong>Despu\u00e9s<\/strong><\/span><\/h3>\n<p>[\/et_pb_text][\/et_pb_column][\/et_pb_row][\/et_pb_section][et_pb_section fb_built=&#8221;1&#8243; _builder_version=&#8221;4.20.1&#8243; _module_preset=&#8221;default&#8221; global_colors_info=&#8221;{}&#8221;][et_pb_row column_structure=&#8221;1_2,1_2&#8243; _builder_version=&#8221;4.20.1&#8243; _module_preset=&#8221;default&#8221; global_colors_info=&#8221;{}&#8221;][et_pb_column type=&#8221;1_2&#8243; _builder_version=&#8221;4.20.1&#8243; _module_preset=&#8221;default&#8221; global_colors_info=&#8221;{}&#8221;][et_pb_blurb title=&#8221;Estado del Proyecto&#8221; image=&#8221;http:\/\/tmp.colombiasostenible.gov.co\/programa\/wp-content\/uploads\/2023\/04\/estado-proyecto.png&#8221; icon_placement=&#8221;left&#8221; image_icon_width=&#8221;45px&#8221; _builder_version=&#8221;4.21.0&#8243; _module_preset=&#8221;default&#8221; header_font=&#8221;|600|||||||&#8221; header_font_size=&#8221;18px&#8221; global_colors_info=&#8221;{}&#8221;]<\/p>\n<p>Finalizado<\/p>\n<p>[\/et_pb_blurb][et_pb_blurb title=&#8221;Entidad Ejecutora&#8221; image=&#8221;http:\/\/tmp.colombiasostenible.gov.co\/programa\/wp-content\/uploads\/2023\/04\/entidad.png&#8221; icon_placement=&#8221;left&#8221; image_icon_width=&#8221;45px&#8221; _builder_version=&#8221;4.20.1&#8243; _module_preset=&#8221;default&#8221; header_font=&#8221;|600|||||||&#8221; header_font_size=&#8221;18px&#8221; global_colors_info=&#8221;{}&#8221;]Corporaci\u00f3n para Estudios Interdisciplinarios y Asesor\u00eda T\u00e9cnica &#8211; CETEC[\/et_pb_blurb][et_pb_blurb title=&#8221;Ubicaci\u00f3n&#8221; image=&#8221;http:\/\/tmp.colombiasostenible.gov.co\/programa\/wp-content\/uploads\/2023\/04\/colombia.png&#8221; icon_placement=&#8221;left&#8221; image_icon_width=&#8221;45px&#8221; _builder_version=&#8221;4.20.1&#8243; _module_preset=&#8221;default&#8221; header_font=&#8221;|600|||||||&#8221; header_font_size=&#8221;18px&#8221; global_colors_info=&#8221;{}&#8221;]<\/p>\n<p>Valle del Guamuez y San Miguel, Putumayo<br \/>PDET Putumayo<\/p>\n<p>[\/et_pb_blurb][et_pb_blurb title=&#8221;Beneficiarios&#8221; image=&#8221;http:\/\/tmp.colombiasostenible.gov.co\/programa\/wp-content\/uploads\/2023\/04\/beneficiarios.png&#8221; icon_placement=&#8221;left&#8221; image_icon_width=&#8221;45px&#8221; _builder_version=&#8221;4.20.1&#8243; _module_preset=&#8221;default&#8221; header_font=&#8221;|600|||||||&#8221; header_font_size=&#8221;18px&#8221; global_colors_info=&#8221;{}&#8221;]<\/p>\n<p>140 Campesinos de la Asociaci\u00f3n de Productores Agropecuarios\u00a0 -Asopa<br \/><strong>Mujeres:<\/strong> 42<br \/><strong>Hombres:<\/strong> 98<\/p>\n<p>[\/et_pb_blurb][et_pb_blurb title=&#8221;\u00c1rea de Intervenci\u00f3n&#8221; image=&#8221;http:\/\/tmp.colombiasostenible.gov.co\/programa\/wp-content\/uploads\/2023\/04\/area-intervencion.png&#8221; icon_placement=&#8221;left&#8221; image_icon_width=&#8221;45px&#8221; _builder_version=&#8221;4.20.1&#8243; _module_preset=&#8221;default&#8221; header_font=&#8221;|600|||||||&#8221; header_font_size=&#8221;18px&#8221; global_colors_info=&#8221;{}&#8221;]140 hect\u00e1reas de cultivos de cacao para rehabilitaci\u00f3n y sostenimiento. [\/et_pb_blurb][et_pb_blurb title=&#8221;Contribuci\u00f3n a las reducciones de CO2&#8243; image=&#8221;http:\/\/tmp.colombiasostenible.gov.co\/programa\/wp-content\/uploads\/2023\/04\/co2.png&#8221; icon_placement=&#8221;left&#8221; image_icon_width=&#8221;45px&#8221; _builder_version=&#8221;4.20.1&#8243; _module_preset=&#8221;default&#8221; header_font=&#8221;|600|||||||&#8221; header_font_size=&#8221;18px&#8221; global_colors_info=&#8221;{}&#8221;]El potencial de mitigaci\u00f3n del proyecto es de -47.854 Toneladas de CO2 e, es decir, -6,0 toneladas netas de CO2 eq\/hect\u00e1rea\/a\u00f1o.[\/et_pb_blurb][et_pb_blurb title=&#8221;Producto&#8221; image=&#8221;http:\/\/tmp.colombiasostenible.gov.co\/programa\/wp-content\/uploads\/2023\/04\/producto.png&#8221; icon_placement=&#8221;left&#8221; image_icon_width=&#8221;45px&#8221; _builder_version=&#8221;4.20.1&#8243; _module_preset=&#8221;default&#8221; header_font=&#8221;|600|||||||&#8221; header_font_size=&#8221;18px&#8221; global_colors_info=&#8221;{}&#8221;]Grano de Cacao Seco[\/et_pb_blurb][et_pb_blurb title=&#8221;Empresa Comercial Vinculada&#8221; image=&#8221;http:\/\/tmp.colombiasostenible.gov.co\/programa\/wp-content\/uploads\/2023\/04\/empresa-comercial.png&#8221; icon_placement=&#8221;left&#8221; image_icon_width=&#8221;45px&#8221; _builder_version=&#8221;4.20.1&#8243; _module_preset=&#8221;default&#8221; header_font=&#8221;|600|||||||&#8221; header_font_size=&#8221;18px&#8221; global_colors_info=&#8221;{}&#8221;]Casa Luker S.A. y Compa\u00f1\u00eda Nacional de Chocolates[\/et_pb_blurb][\/et_pb_column][et_pb_column type=&#8221;1_2&#8243; _builder_version=&#8221;4.20.1&#8243; _module_preset=&#8221;default&#8221; global_colors_info=&#8221;{}&#8221;][et_pb_blurb title=&#8221;Nombre y C\u00f3digo&#8221; image=&#8221;http:\/\/tmp.colombiasostenible.gov.co\/programa\/wp-content\/uploads\/2023\/04\/proyecto.png&#8221; icon_placement=&#8221;left&#8221; image_icon_width=&#8221;45px&#8221; _builder_version=&#8221;4.21.0&#8243; _module_preset=&#8221;default&#8221; header_font=&#8221;|600|||||||&#8221; header_font_size=&#8221;18px&#8221; global_colors_info=&#8221;{}&#8221;]<\/p>\n<p style=\"text-align: justify;\">Fortalecimiento de la cadena de valor del cacao, pr\u00e1cticas sostenibles, integraci\u00f3n a mercados y consolidaci\u00f3n de la organizaci\u00f3n campesina ASOPA, San Miguel y Valle del Guamuez, Putumayo.<br \/><strong>C\u00f3digo:<\/strong> 2019-2510005072 &#8211; CTO 434-2022\u00a0<\/p>\n<p>[\/et_pb_blurb][et_pb_blurb title=&#8221;Objetivo&#8221; image=&#8221;http:\/\/tmp.colombiasostenible.gov.co\/programa\/wp-content\/uploads\/2023\/04\/objetivo.png&#8221; icon_placement=&#8221;left&#8221; image_icon_width=&#8221;45px&#8221; _builder_version=&#8221;4.21.0&#8243; _module_preset=&#8221;default&#8221; header_font=&#8221;|600|||||||&#8221; header_font_size=&#8221;18px&#8221; global_colors_info=&#8221;{}&#8221;]<\/p>\n<p style=\"text-align: justify;\"><strong>Objetivo general:<\/strong><br \/>Fortalecer la apropiaci\u00f3n de sistemas productivos sostenibles de cacao que contribuya al mejoramiento de la calidad de vida de los productores de ASOPA de los municipios del Valle del Guamuez y San Miguel, Putumayo<\/p>\n<p style=\"text-align: justify;\"><strong>Objetivos espec\u00edficos:<\/strong><br \/>\u2022 Fomentar la apropiaci\u00f3n de modelos organizacionales y empresariales.<br \/>\u2022 Fortalecer la implementaci\u00f3n de un sistema tecnol\u00f3gico sostenible en los cultivos de cacao existentes en ASOPA y de buenas pr\u00e1cticas agr\u00edcolas por los productores, para el mejoramiento de la productividad y rendimiento de las plantaciones de cacao.<br \/>\u2022 Implementar medidas de prevenci\u00f3n y mitigaci\u00f3n de impactos ambientales.<br \/>\u2022 Establecer encadenamientos productivos que contribuyan a la comercializaci\u00f3n y el valor de los productos.<\/p>\n<p>[\/et_pb_blurb][et_pb_blurb title=&#8221;Inversi\u00f3n&#8221; image=&#8221;http:\/\/tmp.colombiasostenible.gov.co\/programa\/wp-content\/uploads\/2023\/04\/inversion.png&#8221; icon_placement=&#8221;left&#8221; image_icon_width=&#8221;45px&#8221; _builder_version=&#8221;4.21.0&#8243; _module_preset=&#8221;default&#8221; header_font=&#8221;|600|||||||&#8221; header_font_size=&#8221;18px&#8221; global_colors_info=&#8221;{}&#8221;]Nuestro aporte: $ 1.260.000.000<br \/>\nContrapartida local: $ 846.036.000<br \/>\n<strong>Total Inicial: $ 2.106.036.000<\/strong><br \/>\nAdici\u00f3n Presupuestal por Inflaci\u00f3n: $ 100.953.884<br \/>\n<strong>Total Final: $ 2.206.989.884<\/strong>[\/et_pb_blurb][et_pb_blurb title=&#8221;An\u00e1lisis Financiero&#8221; image=&#8221;http:\/\/tmp.colombiasostenible.gov.co\/programa\/wp-content\/uploads\/2023\/04\/analisis-financiero.png&#8221; icon_placement=&#8221;left&#8221; image_icon_width=&#8221;45px&#8221; _builder_version=&#8221;4.20.1&#8243; _module_preset=&#8221;default&#8221; header_font=&#8221;|600|||||||&#8221; header_font_size=&#8221;18px&#8221; global_colors_info=&#8221;{}&#8221;]TIR:\t27,8%<br \/>\nVPN: (12%)\t               $   1.518.173.443[\/et_pb_blurb][\/et_pb_column][\/et_pb_row][et_pb_row _builder_version=&#8221;4.21.0&#8243; _module_preset=&#8221;default&#8221; global_colors_info=&#8221;{}&#8221;][et_pb_column type=&#8221;4_4&#8243; _builder_version=&#8221;4.21.0&#8243; _module_preset=&#8221;default&#8221; global_colors_info=&#8221;{}&#8221;][et_pb_text _builder_version=&#8221;4.21.0&#8243; _module_preset=&#8221;default&#8221; global_colors_info=&#8221;{}&#8221;]<\/p>\n<h1 style=\"text-align: center;\"><span style=\"color: #339966;\"><strong>INVERSI\u00d3N COMPLEMENTARIA 1,2,3<\/strong><\/span><\/h1>\n<p>[\/et_pb_text][\/et_pb_column][\/et_pb_row][et_pb_row column_structure=&#8221;1_2,1_2&#8243; _builder_version=&#8221;4.20.1&#8243; _module_preset=&#8221;default&#8221; global_colors_info=&#8221;{}&#8221;][et_pb_column type=&#8221;1_2&#8243; _builder_version=&#8221;4.20.1&#8243; _module_preset=&#8221;default&#8221; global_colors_info=&#8221;{}&#8221;][et_pb_blurb title=&#8221;Estado de la Inversi\u00f3n Complementaria&#8221; image=&#8221;http:\/\/tmp.colombiasostenible.gov.co\/programa\/wp-content\/uploads\/2023\/04\/estado-proyecto.png&#8221; icon_placement=&#8221;left&#8221; image_icon_width=&#8221;45px&#8221; _builder_version=&#8221;4.21.0&#8243; _module_preset=&#8221;default&#8221; header_font=&#8221;|600|||||||&#8221; header_font_size=&#8221;18px&#8221; hover_enabled=&#8221;0&#8243; global_colors_info=&#8221;{}&#8221; sticky_enabled=&#8221;0&#8243;]<\/p>\n<p>Finalizado<\/p>\n<p>[\/et_pb_blurb][et_pb_blurb title=&#8221;Entidad Ejecutora&#8221; image=&#8221;http:\/\/tmp.colombiasostenible.gov.co\/programa\/wp-content\/uploads\/2023\/04\/entidad.png&#8221; icon_placement=&#8221;left&#8221; image_icon_width=&#8221;45px&#8221; _builder_version=&#8221;4.20.1&#8243; _module_preset=&#8221;default&#8221; header_font=&#8221;|600|||||||&#8221; header_font_size=&#8221;18px&#8221; global_colors_info=&#8221;{}&#8221;]Corporaci\u00f3n para Estudios Interdisciplinarios y Asesor\u00eda T\u00e9cnica &#8211; CETEC[\/et_pb_blurb][et_pb_blurb title=&#8221;Ubicaci\u00f3n&#8221; image=&#8221;http:\/\/tmp.colombiasostenible.gov.co\/programa\/wp-content\/uploads\/2023\/04\/colombia.png&#8221; icon_placement=&#8221;left&#8221; image_icon_width=&#8221;45px&#8221; _builder_version=&#8221;4.20.1&#8243; _module_preset=&#8221;default&#8221; header_font=&#8221;|600|||||||&#8221; header_font_size=&#8221;18px&#8221; global_colors_info=&#8221;{}&#8221;]<\/p>\n<p>Valle del Guamuez y San Miguel, Putumayo<br \/>PDET Putumayo<\/p>\n<p>[\/et_pb_blurb][et_pb_blurb title=&#8221;Beneficiarios&#8221; image=&#8221;http:\/\/tmp.colombiasostenible.gov.co\/programa\/wp-content\/uploads\/2023\/04\/beneficiarios.png&#8221; icon_placement=&#8221;left&#8221; image_icon_width=&#8221;45px&#8221; _builder_version=&#8221;4.20.1&#8243; _module_preset=&#8221;default&#8221; header_font=&#8221;|600|||||||&#8221; header_font_size=&#8221;18px&#8221; global_colors_info=&#8221;{}&#8221;]<\/p>\n<p>140 Campesinos de la Asociaci\u00f3n de Productores Agropecuarios\u00a0 -Asopa<br \/><strong>Mujeres:<\/strong> 42<br \/><strong>Hombres:<\/strong> 98<\/p>\n<p>[\/et_pb_blurb][\/et_pb_column][et_pb_column type=&#8221;1_2&#8243; _builder_version=&#8221;4.20.1&#8243; _module_preset=&#8221;default&#8221; global_colors_info=&#8221;{}&#8221;][et_pb_blurb title=&#8221;Nombre de la Inversi\u00f3n Complementaria 1,2,3&#8243; image=&#8221;http:\/\/tmp.colombiasostenible.gov.co\/programa\/wp-content\/uploads\/2023\/04\/proyecto.png&#8221; icon_placement=&#8221;left&#8221; image_icon_width=&#8221;45px&#8221; _builder_version=&#8221;4.21.0&#8243; _module_preset=&#8221;default&#8221; header_font=&#8221;|600|||||||&#8221; header_font_size=&#8221;18px&#8221; global_colors_info=&#8221;{}&#8221;]<\/p>\n<p style=\"text-align: justify;\">Fortalecimiento de la cadena de valor de cacao a trav\u00e9s de la implementaci\u00f3n de estrategias sostenibles que generan valor agregado a la producci\u00f3n, comercializaci\u00f3n y transformaci\u00f3n del grano seco en la organizaci\u00f3n de productores Asopa Loro Uno en los municipios de San Miguel y Valle del Guamuez, departamento del Putumayo.<br \/><strong>C\u00f3digo:<\/strong> 2019-2510005072 &#8211; CTO 2242-2024<\/p>\n<p>[\/et_pb_blurb][et_pb_blurb title=&#8221;Inversi\u00f3n Complementaria Solicitada&#8221; image=&#8221;http:\/\/tmp.colombiasostenible.gov.co\/programa\/wp-content\/uploads\/2023\/04\/objetivo.png&#8221; icon_placement=&#8221;left&#8221; image_icon_width=&#8221;45px&#8221; _builder_version=&#8221;4.21.0&#8243; _module_preset=&#8221;default&#8221; header_font=&#8221;|600|||||||&#8221; header_font_size=&#8221;18px&#8221; global_colors_info=&#8221;{}&#8221;]<\/p>\n<ul>\n<li style=\"text-align: justify;\">Equipos para procesos de producci\u00f3n y transformaci\u00f3n de cacao<\/li>\n<\/ul>\n<p>[\/et_pb_blurb][et_pb_blurb title=&#8221;Inversi\u00f3n Complementaria&#8221; image=&#8221;http:\/\/tmp.colombiasostenible.gov.co\/programa\/wp-content\/uploads\/2023\/04\/inversion.png&#8221; icon_placement=&#8221;left&#8221; image_icon_width=&#8221;45px&#8221; _builder_version=&#8221;4.21.0&#8243; _module_preset=&#8221;default&#8221; header_font=&#8221;|600|||||||&#8221; header_font_size=&#8221;18px&#8221; global_colors_info=&#8221;{}&#8221;]<\/p>\n<p>Nuestro aporte: $ 489.208.338<br \/>Contrapartida local: $ 15.000.000<br \/><strong>Total Inicial: $ 504.208.338<br \/><\/strong><\/p>\n<p>[\/et_pb_blurb][\/et_pb_column][\/et_pb_row][et_pb_row disabled_on=&#8221;off|off|off&#8221; _builder_version=&#8221;4.21.0&#8243; _module_preset=&#8221;default&#8221; global_colors_info=&#8221;{}&#8221;][et_pb_column type=&#8221;4_4&#8243; _builder_version=&#8221;4.20.1&#8243; _module_preset=&#8221;default&#8221; global_colors_info=&#8221;{}&#8221;][et_pb_code _builder_version=&#8221;4.21.0&#8243; _module_preset=&#8221;default&#8221; width=&#8221;60%&#8221; module_alignment=&#8221;center&#8221; global_colors_info=&#8221;{}&#8221;]<iframe width=\"674\" height=\"379\" src=\"https:\/\/www.youtube.com\/embed\/pI5S3kZxzjk\" title=\"Producci\u00f3n de cacao en el Putumayo\" frameborder=\"0\" allow=\"accelerometer; autoplay; clipboard-write; encrypted-media; gyroscope; picture-in-picture; web-share\" allowfullscreen><\/iframe>[\/et_pb_code][\/et_pb_column][\/et_pb_row][\/et_pb_section]<\/p>\n","protected":false},"excerpt":{"rendered":"<p><div class=\"et_pb_module lwp_divi_breadcrumbs lwp_divi_breadcrumbs_0\">\n\t\t\t\t\n\t\t\t\t\n\t\t\t\t\n\t\t\t\t\n\t\t\t\t\n\t\t\t\t\n\t\t\t\t<div class=\"et_pb_module_inner\">\n\t\t\t\t\t<div class=\"lwp-breadcrumbs\"> <span class=\"before\"><\/span> <span vocab=\"https:\/\/schema.org\/\" typeof=\"BreadcrumbList\"><span property=\"itemListElement\" typeof=\"ListItem\"><a property=\"item\" typeof=\"WebPage\" href=\"https:\/\/www.colombiasostenible.gov.co\/programa\/\" class=\"home\"><span property=\"name\">Inicio<\/span><\/a><meta property=\"position\" content=\"1\"><\/span> <span class=\"separator et-pb-icon\">&amp;#x39;<\/span> <\/span><\/div>\n\t\t\t\t<\/div>\n\t\t\t<\/div>AntesDespu\u00e9sFinalizadoCorporaci\u00f3n para Estudios Interdisciplinarios y Asesor\u00eda T\u00e9cnica &#8211; CETECValle del Guamuez y San Miguel, PutumayoPDET Putumayo140 Campesinos de la Asociaci\u00f3n de Productores Agropecuarios\u00a0 -AsopaMujeres: 42Hombres: 98140 hect\u00e1reas de cultivos de cacao para rehabilitaci\u00f3n y sostenimiento. El potencial de mitigaci\u00f3n del proyecto es de -47.854 Toneladas de CO2 e, [&hellip;]<\/p>\n","protected":false},"author":1,"featured_media":0,"parent":0,"menu_order":0,"comment_status":"closed","ping_status":"closed","template":"","meta":{"_et_pb_use_builder":"on","_et_pb_old_content":"<!-- wp:divi\/placeholder \/-->","_et_gb_content_width":"","footnotes":""},"class_list":["post-1860","page","type-page","status-publish","hentry"],"acf":[],"rttpg_featured_image_url":null,"rttpg_author":{"display_name":"admin","author_link":"https:\/\/www.colombiasostenible.gov.co\/programa\/author\/admincolsos-programa\/"},"rttpg_comment":0,"rttpg_category":null,"rttpg_excerpt":"[lwp_divi_breadcrumbs home_text=\"Inicio\" link_color=\"#FFFFFF\" separator_color=\"#FFFFFF\" current_text_color=\"#FFFFFF\" _builder_version=\"4.20.1\" _module_preset=\"default\" global_colors_info=\"{}\"][\/lwp_divi_breadcrumbs]AntesDespu\u00e9sFinalizadoCorporaci\u00f3n para Estudios Interdisciplinarios y Asesor\u00eda T\u00e9cnica - CETECValle del Guamuez y San Miguel, PutumayoPDET Putumayo140 Campesinos de la Asociaci\u00f3n de Productores Agropecuarios\u00a0 -AsopaMujeres: 42Hombres: 98140 hect\u00e1reas de cultivos de cacao para rehabilitaci\u00f3n y sostenimiento. El potencial de mitigaci\u00f3n del proyecto es de -47.854 Toneladas de CO2 e,&hellip;","_links":{"self":[{"href":"https:\/\/www.colombiasostenible.gov.co\/programa\/wp-json\/wp\/v2\/pages\/1860","targetHints":{"allow":["GET"]}}],"collection":[{"href":"https:\/\/www.colombiasostenible.gov.co\/programa\/wp-json\/wp\/v2\/pages"}],"about":[{"href":"https:\/\/www.colombiasostenible.gov.co\/programa\/wp-json\/wp\/v2\/types\/page"}],"author":[{"embeddable":true,"href":"https:\/\/www.colombiasostenible.gov.co\/programa\/wp-json\/wp\/v2\/users\/1"}],"replies":[{"embeddable":true,"href":"https:\/\/www.colombiasostenible.gov.co\/programa\/wp-json\/wp\/v2\/comments?post=1860"}],"version-history":[{"count":14,"href":"https:\/\/www.colombiasostenible.gov.co\/programa\/wp-json\/wp\/v2\/pages\/1860\/revisions"}],"predecessor-version":[{"id":5969,"href":"https:\/\/www.colombiasostenible.gov.co\/programa\/wp-json\/wp\/v2\/pages\/1860\/revisions\/5969"}],"wp:attachment":[{"href":"https:\/\/www.colombiasostenible.gov.co\/programa\/wp-json\/wp\/v2\/media?parent=1860"}],"curies":[{"name":"wp","href":"https:\/\/api.w.org\/{rel}","templated":true}]}}